{"id":1255,"date":"2024-04-24T22:52:41","date_gmt":"2024-04-24T20:52:41","guid":{"rendered":"https:\/\/peopleworkingcorp.com\/v3\/?page_id=1255"},"modified":"2024-04-24T22:56:49","modified_gmt":"2024-04-24T20:56:49","slug":"politica-de-privacidad","status":"publish","type":"page","link":"https:\/\/peopleworkingcorp.com\/en\/politica-de-privacidad\/","title":{"rendered":"Privacy Policy"},"content":{"rendered":"<div data-elementor-type=\"wp-page\" data-elementor-id=\"1255\" class=\"elementor elementor-1255\">\n\t\t\t\t\t\t<section class=\"elementor-section elementor-top-section elementor-element elementor-element-4fbbc39 elementor-section-height-min-height elementor-section-items-stretch elementor-section-content-middle elementor-section-boxed elementor-section-height-default\" data-id=\"4fbbc39\" data-element_type=\"section\" data-e-type=\"section\" data-settings=\"{&quot;background_background&quot;:&quot;classic&quot;}\">\n\t\t\t\t\t\t\t<div class=\"elementor-background-overlay\"><\/div>\n\t\t\t\t\t\t\t<div class=\"elementor-container elementor-column-gap-default\">\n\t\t\t\t\t<div class=\"elementor-column elementor-col-100 elementor-top-column elementor-element elementor-element-0ff0cf4\" data-id=\"0ff0cf4\" data-element_type=\"column\" data-e-type=\"column\">\n\t\t\t<div class=\"elementor-widget-wrap elementor-element-populated\">\n\t\t\t\t\t\t<div class=\"elementor-element elementor-element-11939d4 elementor-widget elementor-widget-heading\" data-id=\"11939d4\" data-element_type=\"widget\" data-e-type=\"widget\" data-widget_type=\"heading.default\">\n\t\t\t\t<div class=\"elementor-widget-container\">\n\t\t\t\t\t<h2 class=\"elementor-heading-title elementor-size-default\">Privacy Policy<\/h2>\t\t\t\t<\/div>\n\t\t\t\t<\/div>\n\t\t\t\t<section class=\"elementor-section elementor-inner-section elementor-element elementor-element-7d3c151 elementor-section-boxed elementor-section-height-default elementor-section-height-default\" data-id=\"7d3c151\" data-element_type=\"section\" data-e-type=\"section\">\n\t\t\t\t\t\t<div class=\"elementor-container elementor-column-gap-default\">\n\t\t\t\t\t<div class=\"elementor-column elementor-col-50 elementor-inner-column elementor-element elementor-element-0f02b22\" data-id=\"0f02b22\" data-element_type=\"column\" data-e-type=\"column\">\n\t\t\t<div class=\"elementor-widget-wrap\">\n\t\t\t\t\t\t\t<\/div>\n\t\t<\/div>\n\t\t\t\t<div class=\"elementor-column elementor-col-50 elementor-inner-column elementor-element elementor-element-36131e6\" data-id=\"36131e6\" data-element_type=\"column\" data-e-type=\"column\">\n\t\t\t<div class=\"elementor-widget-wrap elementor-element-populated\">\n\t\t\t\t\t\t<div class=\"elementor-element elementor-element-e47162c elementor-widget elementor-widget-text-editor\" data-id=\"e47162c\" data-element_type=\"widget\" data-e-type=\"widget\" data-widget_type=\"text-editor.default\">\n\t\t\t\t<div class=\"elementor-widget-container\">\n\t\t\t\t\t\t\t\t\t<p><a href=\"https:\/\/peopleworkingcorp.com\/en\/v3\/\">Home<\/a> \/ About Us<\/p>\t\t\t\t\t\t\t\t<\/div>\n\t\t\t\t<\/div>\n\t\t\t\t\t<\/div>\n\t\t<\/div>\n\t\t\t\t\t<\/div>\n\t\t<\/section>\n\t\t\t\t\t<\/div>\n\t\t<\/div>\n\t\t\t\t\t<\/div>\n\t\t<\/section>\n\t\t\t\t<section class=\"elementor-section elementor-top-section elementor-element elementor-element-052b970 elementor-section-boxed elementor-section-height-default elementor-section-height-default\" data-id=\"052b970\" data-element_type=\"section\" data-e-type=\"section\">\n\t\t\t\t\t\t<div class=\"elementor-container elementor-column-gap-default\">\n\t\t\t\t\t<div class=\"elementor-column elementor-col-100 elementor-top-column elementor-element elementor-element-cbee9b3 elementor-invisible\" data-id=\"cbee9b3\" data-element_type=\"column\" data-e-type=\"column\" data-settings=\"{&quot;animation&quot;:&quot;fadeInRight&quot;}\">\n\t\t\t<div class=\"elementor-widget-wrap elementor-element-populated\">\n\t\t\t\t\t\t<div class=\"elementor-element elementor-element-e28c061 elementor-widget elementor-widget-text-editor\" data-id=\"e28c061\" data-element_type=\"widget\" data-e-type=\"widget\" data-widget_type=\"text-editor.default\">\n\t\t\t\t<div class=\"elementor-widget-container\">\n\t\t\t\t\t\t\t\t\t<p>La presente Pol\u00edtica de Privacidad establece los t\u00e9rminos en que People Working Corp usa y protege la informaci\u00f3n que es proporcionada por sus usuarios y clientes. Nuestra empresa est\u00e1 comprometida con la seguridad de los datos de sus clientes y usuarios. Cuando le solicitamos completar formularios con informaci\u00f3n personal, lo hacemos asegurando que s\u00f3lo se emplear\u00e1 de acuerdo con los t\u00e9rminos de este documento. Sin embargo esta Pol\u00edtica de Privacidad puede ser modificada y actualizada en cualquier momento, por lo que le sugerimos revisar continuamente esta p\u00e1gina para asegurarse que est\u00e1 de acuerdo con los t\u00e9rminos que aqu\u00ed se describen.<\/p><p>\u00a0<\/p><h4>DATOS PERSONALES:<\/h4><p>People Working Corp podr\u00e1 recoger informaci\u00f3n personal como: nombre, direcci\u00f3n de correo electr\u00f3nico, tel\u00e9fono, entre otros. As\u00ed mismo cuando sea necesario podr\u00e1 ser requerida informaci\u00f3n espec\u00edfica que sea necesaria para la adecuada comercializaci\u00f3n de sus productos.<\/p><p>\u00a0<\/p><h4>TRATAMIENTO DE LA INFORMACI\u00d3N:<\/h4><p>People Working Corp emplea la informaci\u00f3n con el fin de proporcionar el mejor servicio al cliente posible, mantener un adecuado registro de usuarios y mejorar nuestros productos. Se podr\u00e1n enviar correos electr\u00f3nicos peri\u00f3dicamente con ofertas especiales, nuevos productos a disposici\u00f3n y cualquier otra informaci\u00f3n publicitaria y de mercadeo que consideremos relevante para usted o que pueda brindarle alg\u00fan beneficio, estos correos electr\u00f3nicos ser\u00e1n enviados a la direcci\u00f3n que usted proporcione y podr\u00e1n ser cancelados en cualquier momento. People Working Corp est\u00e1 altamente comprometido en cumplir con la ley de protecci\u00f3n de datos y de mantener su informaci\u00f3n segura. Usamos los sistemas m\u00e1s avanzados y los actualizamos constantemente para asegurarnos que no exista ning\u00fan acceso no autorizado.<\/p><p>\u00a0<\/p><h4>COOKIES:<\/h4><p>Una cookie es un fichero que es enviado con la finalidad de solicitar permiso para almacenarse en su ordenador, al aceptar dicho fichero se crea y la cookie funciona para obtener informaci\u00f3n referente al tr\u00e1fico web y facilita las futuras visitas a una web recurrente. Otra funci\u00f3n que tienen las cookies es que con ellas los sitios web pueden reconocerte individualmente y por lo tanto, brindarle un mejor servicio, personalizado en la web. Nuestro sitio web emplea las cookies para identificar las p\u00e1ginas que son visitadas y con qu\u00e9 frecuencia. Esta informaci\u00f3n es empleada \u00fanicamente para an\u00e1lisis estad\u00edstico y despu\u00e9s la informaci\u00f3n se elimina de forma permanente. Usted puede eliminar las cookies en cualquier momento desde su ordenador. Sin embargo las cookies ayudan a proporcionar un mejor servicio de los sitios web, est\u00e1s no dan acceso a informaci\u00f3n de su ordenador ni de su persona. Usted puede aceptar o negar el uso de cookies. Tambi\u00e9n usted puede cambiar la configuraci\u00f3n de su ordenador para declinar las cookies.<\/p><p>\u00a0<\/p><h4>CONTROL DE SU INFORMACI\u00d3N PERSONAL:<\/h4><p>En cualquier momento usted puede solicitar ser dado de baja en nuestra base de datos. People Working Corp no vender\u00e1, ceder\u00e1, ni distribuir\u00e1 la informaci\u00f3n personal que es recopilada bajo ninguna circunstancia, salvo que sea requerido por un juez contra una orden judicial.<\/p><p>\u00a0<\/p><p>People Working Corp se reserva el derecho de cambiar los t\u00e9rminos de la presente Pol\u00edtica de Privacidad en cualquier momento.<\/p>\t\t\t\t\t\t\t\t<\/div>\n\t\t\t\t<\/div>\n\t\t\t\t\t<\/div>\n\t\t<\/div>\n\t\t\t\t\t<\/div>\n\t\t<\/section>\n\t\t\t\t<\/div>","protected":false},"excerpt":{"rendered":"<p>Pol\u00edtica de Privacidad Inicio \/ Nosotros La presente Pol\u00edtica de Privacidad establece los t\u00e9rminos en que People Working Corp usa y protege la informaci\u00f3n que es proporcionada por sus usuarios y clientes. Nuestra empresa est\u00e1 comprometida con la seguridad de los datos de sus clientes y usuarios. Cuando le solicitamos completar formularios con informaci\u00f3n personal, [&hellip;]<\/p>\n","protected":false},"author":1,"featured_media":0,"parent":0,"menu_order":0,"comment_status":"closed","ping_status":"closed","template":"elementor_header_footer","meta":{"content-type":"","footnotes":""},"class_list":["post-1255","page","type-page","status-publish","hentry"],"_links":{"self":[{"href":"https:\/\/peopleworkingcorp.com\/en\/wp-json\/wp\/v2\/pages\/1255","targetHints":{"allow":["GET"]}}],"collection":[{"href":"https:\/\/peopleworkingcorp.com\/en\/wp-json\/wp\/v2\/pages"}],"about":[{"href":"https:\/\/peopleworkingcorp.com\/en\/wp-json\/wp\/v2\/types\/page"}],"author":[{"embeddable":true,"href":"https:\/\/peopleworkingcorp.com\/en\/wp-json\/wp\/v2\/users\/1"}],"replies":[{"embeddable":true,"href":"https:\/\/peopleworkingcorp.com\/en\/wp-json\/wp\/v2\/comments?post=1255"}],"version-history":[{"count":7,"href":"https:\/\/peopleworkingcorp.com\/en\/wp-json\/wp\/v2\/pages\/1255\/revisions"}],"predecessor-version":[{"id":1262,"href":"https:\/\/peopleworkingcorp.com\/en\/wp-json\/wp\/v2\/pages\/1255\/revisions\/1262"}],"wp:attachment":[{"href":"https:\/\/peopleworkingcorp.com\/en\/wp-json\/wp\/v2\/media?parent=1255"}],"curies":[{"name":"wp","href":"https:\/\/api.w.org\/{rel}","templated":true}]}}